{"id":326,"date":"2023-11-19T12:09:22","date_gmt":"2023-11-19T17:09:22","guid":{"rendered":"https:\/\/okana-solmarketing.com\/fr\/?page_id=326"},"modified":"2024-01-27T11:32:10","modified_gmt":"2024-01-27T16:32:10","slug":"missions","status":"publish","type":"page","link":"https:\/\/okana-solmarketing.com\/fr\/missions\/","title":{"rendered":"Mission"},"content":{"rendered":"\t\t<div data-elementor-type=\"wp-page\" data-elementor-id=\"326\" class=\"elementor elementor-326\">\n\t\t\t\t\t\t\t<div class=\"elementor-element elementor-element-49674cd e-flex e-con-boxed e-con e-parent\" data-id=\"49674cd\" data-element_type=\"container\" data-settings=\"{&quot;content_width&quot;:&quot;boxed&quot;}\" data-core-v316-plus=\"true\">\n\t\t\t\t\t<div class=\"e-con-inner\">\n\t\t<div class=\"elementor-element elementor-element-7976913 e-con-full e-flex e-con e-child\" data-id=\"7976913\" data-element_type=\"container\" data-settings=\"{&quot;content_width&quot;:&quot;full&quot;}\">\n\t\t\t\t<div class=\"elementor-element elementor-element-6e85e63 elementor-widget elementor-widget-text-editor\" data-id=\"6e85e63\" data-element_type=\"widget\" data-widget_type=\"text-editor.default\">\n\t\t\t\t<div class=\"elementor-widget-container\">\n\t\t\t<style>\/*! elementor - v3.18.0 - 20-12-2023 *\/\n.elementor-widget-text-editor.elementor-drop-cap-view-stacked .elementor-drop-cap{background-color:#69727d;color:#fff}.elementor-widget-text-editor.elementor-drop-cap-view-framed .elementor-drop-cap{color:#69727d;border:3px solid;background-color:transparent}.elementor-widget-text-editor:not(.elementor-drop-cap-view-default) .elementor-drop-cap{margin-top:8px}.elementor-widget-text-editor:not(.elementor-drop-cap-view-default) .elementor-drop-cap-letter{width:1em;height:1em}.elementor-widget-text-editor .elementor-drop-cap{float:left;text-align:center;line-height:1;font-size:50px}.elementor-widget-text-editor .elementor-drop-cap-letter{display:inline-block}<\/style>\t\t\t\t<h4><span style=\"color: #ffffff;\">.<\/span><\/h4><h2>Qui sommes-nous?<\/h2><p>Okana-Solutions Marketing (O.-S.M.) est une soci\u00e9t\u00e9 de conseil en marketing situ\u00e9e \u00e0 Moncton, au Nouveau-Brunswick, au Canada, depuis 2000. O-S.M. offre des services de recherche, d&rsquo;\u00e9tudes, de formation et de d\u00e9veloppement de r\u00e9sultats strat\u00e9giques. Okana-Solutions Marketing dispose d&rsquo;une \u00e9quipe multidisciplinaire et dynamique avec une expertise dans : la gestion d&rsquo;entreprise, l&rsquo;\u00e9ducation scolaire, les soins de sant\u00e9, la gestion de la diversit\u00e9 culturelle et l&rsquo;art oratoire. Voici le sch\u00e9ma de Okana-Solutions Marketing. Placez votre curseur sur chacun des points du sch\u00e9ma pour en savoir plus. N&rsquo;h\u00e9sitez pas \u00e0 nous contacter pour plus d&rsquo;informations. C&rsquo;est avec grand plaisir que nous travaillerons avec vous.<\/p>\t\t\t\t\t\t<\/div>\n\t\t\t\t<\/div>\n\t\t\t\t<\/div>\n\t\t<div class=\"elementor-element elementor-element-b69a0d0 e-con-full e-flex e-con e-child\" data-id=\"b69a0d0\" data-element_type=\"container\" data-settings=\"{&quot;content_width&quot;:&quot;full&quot;}\">\n\t\t\t\t<div class=\"elementor-element elementor-element-3924895 elementor-widget elementor-widget-text-editor\" data-id=\"3924895\" data-element_type=\"widget\" data-widget_type=\"text-editor.default\">\n\t\t\t\t<div class=\"elementor-widget-container\">\n\t\t\t\t\t\t\t<h6>\u00a0<\/h6><p><img fetchpriority=\"high\" decoding=\"async\" class=\"alignnone wp-image-344 size-full\" src=\"http:\/\/okana-solmarketing.com\/fr\/wp-content\/uploads\/2023\/11\/04.jpg\" alt=\"\" width=\"600\" height=\"480\" srcset=\"https:\/\/okana-solmarketing.com\/fr\/wp-content\/uploads\/2023\/11\/04.jpg 600w, https:\/\/okana-solmarketing.com\/fr\/wp-content\/uploads\/2023\/11\/04-300x240.jpg 300w\" sizes=\"(max-width: 600px) 100vw, 600px\" \/><\/p>\t\t\t\t\t\t<\/div>\n\t\t\t\t<\/div>\n\t\t\t\t<\/div>\n\t\t\t\t\t<\/div>\n\t\t\t\t<\/div>\n\t\t<div class=\"elementor-element elementor-element-b501544 e-flex e-con-boxed e-con e-parent\" data-id=\"b501544\" data-element_type=\"container\" data-settings=\"{&quot;content_width&quot;:&quot;boxed&quot;}\" data-core-v316-plus=\"true\">\n\t\t\t\t\t<div class=\"e-con-inner\">\n\t\t<div class=\"elementor-element elementor-element-e043f3c e-con-full e-flex e-con e-child\" data-id=\"e043f3c\" data-element_type=\"container\" data-settings=\"{&quot;content_width&quot;:&quot;full&quot;}\">\n\t\t\t\t<div class=\"elementor-element elementor-element-febc17f elementor-widget elementor-widget-text-editor\" data-id=\"febc17f\" data-element_type=\"widget\" data-widget_type=\"text-editor.default\">\n\t\t\t\t<div class=\"elementor-widget-container\">\n\t\t\t\t\t\t\t<h4 style=\"text-align: center;\"><span style=\"color: #ffffff;\">.<\/span><\/h4><h3 style=\"text-align: center;\">Notre Mission<\/h3><p style=\"text-align: center;\">Fournir aux clients des donn\u00e9es quantitatives et\/ou qualitatives pertinentes par le biais de services de marketing, de recherches, de formations, d&rsquo;\u00e9tudes et de strat\u00e9gies afin de leur permettre de prendre des d\u00e9cisions rationnelles et de minimiser les risques li\u00e9s au processus de prise de d\u00e9cision.<\/p>\t\t\t\t\t\t<\/div>\n\t\t\t\t<\/div>\n\t\t\t\t<\/div>\n\t\t<div class=\"elementor-element elementor-element-de730d1 e-con-full e-flex e-con e-child\" data-id=\"de730d1\" data-element_type=\"container\" data-settings=\"{&quot;content_width&quot;:&quot;full&quot;}\">\n\t\t\t\t<\/div>\n\t\t\t\t\t<\/div>\n\t\t\t\t<\/div>\n\t\t<div class=\"elementor-element elementor-element-79bca4d e-con-full e-flex e-con e-parent\" data-id=\"79bca4d\" data-element_type=\"container\" data-settings=\"{&quot;content_width&quot;:&quot;full&quot;}\" data-core-v316-plus=\"true\">\n\t\t<div class=\"elementor-element elementor-element-d41074b e-con-full e-flex e-con e-child\" data-id=\"d41074b\" data-element_type=\"container\" data-settings=\"{&quot;content_width&quot;:&quot;full&quot;}\">\n\t\t\t\t<div class=\"elementor-element elementor-element-f877fa0 elementor-widget elementor-widget-heading\" data-id=\"f877fa0\" data-element_type=\"widget\" data-widget_type=\"heading.default\">\n\t\t\t\t<div class=\"elementor-widget-container\">\n\t\t\t<style>\/*! elementor - v3.18.0 - 20-12-2023 *\/\n.elementor-heading-title{padding:0;margin:0;line-height:1}.elementor-widget-heading .elementor-heading-title[class*=elementor-size-]>a{color:inherit;font-size:inherit;line-height:inherit}.elementor-widget-heading .elementor-heading-title.elementor-size-small{font-size:15px}.elementor-widget-heading .elementor-heading-title.elementor-size-medium{font-size:19px}.elementor-widget-heading .elementor-heading-title.elementor-size-large{font-size:29px}.elementor-widget-heading .elementor-heading-title.elementor-size-xl{font-size:39px}.elementor-widget-heading .elementor-heading-title.elementor-size-xxl{font-size:59px}<\/style><h4 class=\"elementor-heading-title elementor-size-default\">Int\u00e9grit\u00e9<\/h4>\t\t<\/div>\n\t\t\t\t<\/div>\n\t\t\t\t<\/div>\n\t\t<div class=\"elementor-element elementor-element-7e12efa e-con-full e-flex e-con e-child\" data-id=\"7e12efa\" data-element_type=\"container\" data-settings=\"{&quot;content_width&quot;:&quot;full&quot;}\">\n\t\t\t\t<div class=\"elementor-element elementor-element-0f811ed elementor-widget elementor-widget-heading\" data-id=\"0f811ed\" data-element_type=\"widget\" data-widget_type=\"heading.default\">\n\t\t\t\t<div class=\"elementor-widget-container\">\n\t\t\t<h4 class=\"elementor-heading-title elementor-size-default\">Objectivit\u00e9<\/h4>\t\t<\/div>\n\t\t\t\t<\/div>\n\t\t\t\t<\/div>\n\t\t<div class=\"elementor-element elementor-element-554ca7f e-con-full e-flex e-con e-child\" data-id=\"554ca7f\" data-element_type=\"container\" data-settings=\"{&quot;content_width&quot;:&quot;full&quot;}\">\n\t\t\t\t<div class=\"elementor-element elementor-element-200faff elementor-widget elementor-widget-heading\" data-id=\"200faff\" data-element_type=\"widget\" data-widget_type=\"heading.default\">\n\t\t\t\t<div class=\"elementor-widget-container\">\n\t\t\t<h4 class=\"elementor-heading-title elementor-size-default\">Confidentialit\u00e9<\/h4>\t\t<\/div>\n\t\t\t\t<\/div>\n\t\t\t\t<\/div>\n\t\t\t\t<\/div>\n\t\t\t\t\t\t\t<\/div>\n\t\t","protected":false},"excerpt":{"rendered":"<p>. Qui sommes-nous? Okana-Solutions Marketing (O.-S.M.) est une soci\u00e9t\u00e9 de conseil en marketing situ\u00e9e \u00e0 Moncton, au Nouveau-Brunswick, au Canada, [&hellip;]<\/p>\n","protected":false},"author":1,"featured_media":0,"parent":0,"menu_order":0,"comment_status":"closed","ping_status":"closed","template":"","meta":{"site-sidebar-layout":"no-sidebar","site-content-layout":"page-builder","ast-site-content-layout":"full-width-container","site-content-style":"default","site-sidebar-style":"default","ast-global-header-display":"","ast-banner-title-visibility":"","ast-main-header-display":"","ast-hfb-above-header-display":"","ast-hfb-below-header-display":"","ast-hfb-mobile-header-display":"","site-post-title":"disabled","ast-breadcrumbs-content":"","ast-featured-img":"disabled","footer-sml-layout":"","theme-transparent-header-meta":"","adv-header-id-meta":"","stick-header-meta":"","header-above-stick-meta":"","header-main-stick-meta":"","header-below-stick-meta":"","astra-migrate-meta-layouts":"set","ast-page-background-enabled":"default","ast-page-background-meta":{"desktop":{"background-color":"var(--ast-global-color-4)","background-image":"","background-repeat":"repeat","background-position":"center center","background-size":"auto","background-attachment":"scroll","background-type":"","background-media":"","overlay-type":"","overlay-color":"","overlay-gradient":""},"tablet":{"background-color":"","background-image":"","background-repeat":"repeat","background-position":"center center","background-size":"auto","background-attachment":"scroll","background-type":"","background-media":"","overlay-type":"","overlay-color":"","overlay-gradient":""},"mobile":{"background-color":"","background-image":"","background-repeat":"repeat","background-position":"center center","background-size":"auto","background-attachment":"scroll","background-type":"","background-media":"","overlay-type":"","overlay-color":"","overlay-gradient":""}},"ast-content-background-meta":{"desktop":{"background-color":"var(--ast-global-color-5)","background-image":"","background-repeat":"repeat","background-position":"center center","background-size":"auto","background-attachment":"scroll","background-type":"","background-media":"","overlay-type":"","overlay-color":"","overlay-gradient":""},"tablet":{"background-color":"var(--ast-global-color-5)","background-image":"","background-repeat":"repeat","background-position":"center center","background-size":"auto","background-attachment":"scroll","background-type":"","background-media":"","overlay-type":"","overlay-color":"","overlay-gradient":""},"mobile":{"background-color":"var(--ast-global-color-5)","background-image":"","background-repeat":"repeat","background-position":"center center","background-size":"auto","background-attachment":"scroll","background-type":"","background-media":"","overlay-type":"","overlay-color":"","overlay-gradient":""}},"footnotes":""},"class_list":["post-326","page","type-page","status-publish","hentry"],"_links":{"self":[{"href":"https:\/\/okana-solmarketing.com\/fr\/wp-json\/wp\/v2\/pages\/326","targetHints":{"allow":["GET"]}}],"collection":[{"href":"https:\/\/okana-solmarketing.com\/fr\/wp-json\/wp\/v2\/pages"}],"about":[{"href":"https:\/\/okana-solmarketing.com\/fr\/wp-json\/wp\/v2\/types\/page"}],"author":[{"embeddable":true,"href":"https:\/\/okana-solmarketing.com\/fr\/wp-json\/wp\/v2\/users\/1"}],"replies":[{"embeddable":true,"href":"https:\/\/okana-solmarketing.com\/fr\/wp-json\/wp\/v2\/comments?post=326"}],"version-history":[{"count":37,"href":"https:\/\/okana-solmarketing.com\/fr\/wp-json\/wp\/v2\/pages\/326\/revisions"}],"predecessor-version":[{"id":584,"href":"https:\/\/okana-solmarketing.com\/fr\/wp-json\/wp\/v2\/pages\/326\/revisions\/584"}],"wp:attachment":[{"href":"https:\/\/okana-solmarketing.com\/fr\/wp-json\/wp\/v2\/media?parent=326"}],"curies":[{"name":"wp","href":"https:\/\/api.w.org\/{rel}","templated":true}]}}